{"id":62,"date":"2024-09-09T15:36:56","date_gmt":"2024-09-09T13:36:56","guid":{"rendered":"http:\/\/www.odabrano.com\/centraldalmatia\/?page_id=62"},"modified":"2024-10-12T05:39:20","modified_gmt":"2024-10-12T03:39:20","slug":"objasnjenje-explanation","status":"publish","type":"page","link":"https:\/\/www.odabrano.com\/centraldalmatia\/objasnjenje-explanation\/","title":{"rendered":"Obja\u0161njenje &#8211; explanation"},"content":{"rendered":"\n<p><strong>Ukratko: \u017delite li da vas gosti prona\u0111u izravno, bez agencijske provizije? Pro\u010ditajte do kraja i javite mi se ako ste zainteresirani za moje rje\u0161enje.<\/strong><\/p>\n\n\n<div class=\"wp-block-image\">\n<figure class=\"aligncenter size-full\"><a href=\"https:\/\/www.odabrano.com\/centraldalmatia\/wp-content\/uploads\/2024\/10\/ponuda.jpg\"><img loading=\"lazy\" decoding=\"async\" width=\"539\" height=\"140\" src=\"https:\/\/www.odabrano.com\/centraldalmatia\/wp-content\/uploads\/2024\/10\/ponuda.jpg\" alt=\"\" class=\"wp-image-634\" srcset=\"https:\/\/www.odabrano.com\/centraldalmatia\/wp-content\/uploads\/2024\/10\/ponuda.jpg 539w, https:\/\/www.odabrano.com\/centraldalmatia\/wp-content\/uploads\/2024\/10\/ponuda-300x78.jpg 300w\" sizes=\"auto, (max-width: 539px) 100vw, 539px\" \/><\/a><\/figure>\n<\/div>\n\n\n<p><\/p>\n\n\n\n<p>Gosti su svjesni visokih agencijskih provizija i neki od njih poku\u0161avaju zaobi\u0107i proviziju tra\u017ee\u0107i kontakt informacije iznajmljiva\u010da putem interneta. To je \u010desto ote\u017eano jer agencije namjerno skrivaju te podatke, naro\u010dito Novasol.<\/p>\n\n\n\n<p><strong>Kako gosti poku\u0161avaju do\u0107i do vas?<\/strong> Pretra\u017euju Google po nazivu va\u0161eg objekta pa ako to ne urodi plodom kopiraju re\u010denice iz opisa s agencijske stranice u nadi da \u0107e va\u0161e podatke prona\u010di na nekom drugom mjestu. Tu ja uska\u010dem s rje\u0161enjem. Na svoju stranicu postavljam identi\u010dan opis va\u0161eg objekta kao na agencijskoj stranici. Ako gost u Google ubaci re\u010denicu ili dvije iz va\u0161eg opisa sa agencijske stranice u rezultatima se pojavljuje i moja stranica, odmah uz agencijsku. Tu gosti pronalaze va\u0161u adresu, broj telefona i eventualno poruku kojom ih poti\u010dete na izravni kontakt. Za agenciju <strong>Novasol <\/strong>postoji jo\u0161 jedna mogu\u0107nost &#8211; pretraga putem Novasol \u0161ifre &#8211; reference code (Novasol XXX111) &#8211; <strong>ovo funkcionira veoma dobro.<\/strong><\/p>\n\n\n\n<p>U svaki objekt na svojoj stranici postavljam opise na vi\u0161e jezika. Iako su fotografije va\u017ene u prezentaciji turisti\u010dkih objekata kod mene nije potrebno objavljivati velik broj slika jer ih je gost ve\u0107 vidio na agencijskoj stranici. Ovdje su samo da potvrde gostu kako je prona\u0161ao pravi objekt.<\/p>\n\n\n\n<p>Cijena za cijelu godinu (2025.) iznosi 30 eura za postavljanje jednog objekta na moju stranicu. Ako tamo pla\u0107ate proviziju od 20% ili \u010dak 40%, dovoljno je da vam samo jedan gost do\u0111e na ovaj na\u010din da zna\u010dajno u\u0161tedite. Nakon postavljanja va\u0161eg objekta potrebno je dan &#8211; dva da ga Google &#8220;uhvati&#8221; i prika\u017ee u svojim rezultatima. Pla\u010date tek kad se u to uvjerite.<\/p>\n\n\n\n<p>Da bi provjerili sve ovo proguglajte bilo koji objekt koji ovdje ve\u0107 postoji <a href=\"https:\/\/odabrano.com\/index.php\/category\/accommodations\/\"><strong>sa ove liste<\/strong><\/a> &#8211; kopirajte re\u010denicu ili dvije iz opisa i vidjet \u0107ete da se objekt koji pregledavate nalazi na prvoj stranici rezultata, obi\u010dno gore pri vrhu. Naslov objekta nije toliko efikasan jer ih ima mnogo istih.<\/p>\n\n\n\n<p>Drugi dio mojeg weba &#8211; stranica pod nazivom <strong>&#8220;central dalmatia&#8221;<\/strong> u ovom trenutku na\u017ealost jo\u0161 nije kvalitetno indexirana od strane Googla. To je postavljeno nedavno,, krajem rujna 2024, tako da te objekte <strong>ne\u010dete jo\u0161 direktno na\u0107i tamo, treba im neko vrijeme<\/strong>. Ta stranica je u stvari trebala bit glavna za ovo sa smje\u0161tajem ali eto Google nam je spor. Bit \u0107e :).<\/p>\n\n\n\n<p>Mo\u017eete me kontaktirati putem prilo\u017eene forme. Ova poruka sti\u017ee na moj e-mail, koji pregledavam otprilike svakih nekoliko dana. U poruci mi dajte link va\u0161eg objekta na agencijskoj stranici, ja \u010du odmah postaviti opis i slike na svoju stranicu, sa\u010deka\u0107emo dva tri dana da to &#8220;uhvati&#8221; Google i kad se pojavi u rezultatima kontaktira\u0107u vas radi pla\u0107anja, najbolje bi bilo telefonom. Mogu vas i odmah nazvati telefonom ako su potrebna jo\u0161 neka poja\u0161njenja.<\/p>\n\n\n\n<div class=\"wp-block-contact-form-7-contact-form-selector\">[contact-form-7 id=&#8221;adda69b&#8221; title=&#8221;Contact form 1&#8243;]<\/div>\n\n\n\n<p><strong>Va\u017ene dodatne informacije o rezervacijama koje bi mo\u017eda voljeli znati:<\/strong><\/p>\n\n\n\n<p>Najve\u0107i broj rezervacija smje\u0161taja za turisti\u010dku sezonu u Hrvatskoj, kao i na ve\u0107ini mediteranskih destinacija, obi\u010dno se vr\u0161i tijekom zimskih mjeseci, osobito u <strong>sije\u010dnju, velja\u010di i o\u017eujku<\/strong>. To su mjeseci kada ljudi planiraju svoje ljetne odmore, tra\u017ee\u0107i najbolje ponude i destinacije.<\/p>\n\n\n\n<p>S druge strane, postoje i gosti koji \u010dekaju <strong>last minute<\/strong> ponude, koje se naj\u010de\u0161\u0107e pojavljuju u <strong>lipnju i srpnju<\/strong>, kada iznajmljiva\u010di nude preostale kapacitete po sni\u017eenim cijenama.<\/p>\n\n\n\n<p>Dakle, najve\u0107i broj rezervacija se vr\u0161i u prvom tromjese\u010dju godine, dok su last minute rezervacije popularne uo\u010di same turisti\u010dke sezone.<\/p>\n\n\n\n<p>Praksa pokazuje da neki turisti poku\u0161avaju na\u0107i direktne kontakte iznajmljiva\u010da putem pretra\u017eivanja po agencijskom kodu ili tra\u017eenjem dodatnih informacija na internetu, kao na\u010din u\u0161tede.<\/p>\n\n\n\n<p>\u0160to se ti\u010de <strong>dijeljenja agencijske provizije<\/strong>, neki gosti predla\u017eu iznajmljiva\u010dima dogovor u kojem bi oni rezervirali direktno i dijelili dio u\u0161te\u0111ene provizije. Iznajmljiva\u010di, u takvim slu\u010dajevima, mogu ponuditi <strong>ni\u017eu cijenu<\/strong> smje\u0161taja u odnosu na onu koju bi gost platio preko agencije, jer bi na taj na\u010din izbjegli pla\u0107anje agencijske naknade, koja mo\u017ee iznositi izme\u0111u 10% i 30%.<\/p>\n\n\n\n<p>Ve\u0107ina velikih agencija za iznajmljivanje smje\u0161taja, poput <strong>Booking.com<\/strong>, <strong>Airbnb<\/strong>, <strong>Novasol<\/strong>, i <strong>Expedia<\/strong>, postavljaju uvjete koji ograni\u010davaju iznajmljiva\u010dima direktno dogovaranje rezervacija s gostima kako bi se izbjegla provizija. Ipak iznajmljiva\u010dima se ostavljaju neki unaprijed dogovoreni termini za direktne rezervacije.<\/p>\n\n\n\n<p>Sigurno znate kako i same agencije sa kojima ste ugovorili suradnju nude va\u0161 smje\u0161taj preko drugih agencija sa kojima vi nemate ugovor i onda dijele proviziju sa njima. Proguglajte svoje objekte pa \u0107ete ih prona\u0107i i na drugim agencijama<\/p>\n\n\n\n<p>&#8212;&#8212;&#8212;&#8212;&#8212;&#8212;&#8212;&#8212;&#8212;&#8212;&#8212;&#8212;&#8212;&#8212;&#8212;&#8212;&#8212;<\/p>\n\n\n\n<p>Jo\u0161 ne\u0161to. Ovo mo\u017eete ostvariti i na svojoj vlastitoj stranici i na svojoj vlastitoj domeni ali to je skuplje i sporije. Samo za server na kojem bi bila va\u0161a stranica se pla\u0107a minimalno 35 eura <strong>godi\u0161nje <\/strong>i 10 eura domena. Cijene izrade variraju, a ja vam \u010dak dajem link nekih ekipa koja radi stranice i koji su mnogo profesionalniji od mene, a naravno i skuplji. Kod njih izrada osnovne stranice ko\u0161ta 598 eura i onda se pla\u0107a 99 eura godi\u0161nje. Kad se stranica izradi treba \u010dekati najmanje nekoliko tjedana da je Google &#8220;uhvati&#8221;.<\/p>\n\n\n\n<p>Evo linka:<\/p>\n\n\n\n<p><a href=\"https:\/\/www.apartmanica.com\/izrada-web-stranica-za\/apartmane-i-kuce-za-odmor\/\"><strong>apartmanica.com<\/strong><\/a><\/p>\n\n\n\n<p>Ili jedna druga ekipa za izradu web stranica<\/p>\n\n\n\n<p><a href=\"https:\/\/webprojekt.com.hr\/cjenik\/\"><strong>Web projekt<\/strong><\/a><\/p>\n\n\n\n<p><\/p>\n","protected":false},"excerpt":{"rendered":"<p>Ukratko: \u017delite li da vas gosti prona\u0111u izravno, bez agencijske provizije? Pro\u010ditajte do kraja i javite mi se ako ste zainteresirani za moje rje\u0161enje. Gosti su svjesni visokih agencijskih provizija i neki od njih poku\u0161avaju zaobi\u0107i proviziju tra\u017ee\u0107i kontakt informacije iznajmljiva\u010da putem interneta. To je \u010desto ote\u017eano jer agencije namjerno skrivaju te podatke, naro\u010dito Novasol. &hellip;<\/p>\n","protected":false},"author":1,"featured_media":501,"parent":0,"menu_order":0,"comment_status":"closed","ping_status":"closed","template":"","meta":{"footnotes":""},"class_list":["post-62","page","type-page","status-publish","has-post-thumbnail",""],"yoast_head":"<!-- This site is optimized with the Yoast SEO plugin v23.4 - https:\/\/yoast.com\/wordpress\/plugins\/seo\/ -->\n<title>Obja\u0161njenje - explanation - Central Dalmatia Accommodations<\/title>\n<meta name=\"description\" content=\"\u017delite li da vas gosti prona\u0111u izravno, bez agencijske provizije? Pro\u010ditajte do kraja i javite mi se ako ste zainteresirani za moje rje\u0161enje.\" \/>\n<meta name=\"robots\" content=\"index, follow, max-snippet:-1, max-image-preview:large, max-video-preview:-1\" \/>\n<link rel=\"canonical\" href=\"https:\/\/www.odabrano.com\/centraldalmatia\/objasnjenje-explanation\/\" \/>\n<meta property=\"og:locale\" content=\"en_US\" \/>\n<meta property=\"og:type\" content=\"article\" \/>\n<meta property=\"og:title\" content=\"Obja\u0161njenje - explanation - Central Dalmatia Accommodations\" \/>\n<meta property=\"og:description\" content=\"\u017delite li da vas gosti prona\u0111u izravno, bez agencijske provizije? Pro\u010ditajte do kraja i javite mi se ako ste zainteresirani za moje rje\u0161enje.\" \/>\n<meta property=\"og:url\" content=\"https:\/\/www.odabrano.com\/centraldalmatia\/objasnjenje-explanation\/\" \/>\n<meta property=\"og:site_name\" content=\"Central Dalmatia Accommodations\" \/>\n<meta property=\"article:modified_time\" content=\"2024-10-12T03:39:20+00:00\" \/>\n<meta property=\"og:image\" content=\"http:\/\/www.odabrano.com\/centraldalmatia\/wp-content\/uploads\/2024\/09\/bulb-1.jpg\" \/>\n\t<meta property=\"og:image:width\" content=\"656\" \/>\n\t<meta property=\"og:image:height\" content=\"195\" \/>\n\t<meta property=\"og:image:type\" content=\"image\/jpeg\" \/>\n<meta name=\"twitter:card\" content=\"summary_large_image\" \/>\n<meta name=\"twitter:label1\" content=\"Est. reading time\" \/>\n\t<meta name=\"twitter:data1\" content=\"5 minutes\" \/>\n<script type=\"application\/ld+json\" class=\"yoast-schema-graph\">{\"@context\":\"https:\/\/schema.org\",\"@graph\":[{\"@type\":\"WebPage\",\"@id\":\"https:\/\/www.odabrano.com\/centraldalmatia\/objasnjenje-explanation\/\",\"url\":\"https:\/\/www.odabrano.com\/centraldalmatia\/objasnjenje-explanation\/\",\"name\":\"Obja\u0161njenje - explanation - Central Dalmatia Accommodations\",\"isPartOf\":{\"@id\":\"https:\/\/www.odabrano.com\/centraldalmatia\/#website\"},\"primaryImageOfPage\":{\"@id\":\"https:\/\/www.odabrano.com\/centraldalmatia\/objasnjenje-explanation\/#primaryimage\"},\"image\":{\"@id\":\"https:\/\/www.odabrano.com\/centraldalmatia\/objasnjenje-explanation\/#primaryimage\"},\"thumbnailUrl\":\"https:\/\/www.odabrano.com\/centraldalmatia\/wp-content\/uploads\/2024\/09\/bulb-1.jpg\",\"datePublished\":\"2024-09-09T13:36:56+00:00\",\"dateModified\":\"2024-10-12T03:39:20+00:00\",\"description\":\"\u017delite li da vas gosti prona\u0111u izravno, bez agencijske provizije? Pro\u010ditajte do kraja i javite mi se ako ste zainteresirani za moje rje\u0161enje.\",\"breadcrumb\":{\"@id\":\"https:\/\/www.odabrano.com\/centraldalmatia\/objasnjenje-explanation\/#breadcrumb\"},\"inLanguage\":\"en-US\",\"potentialAction\":[{\"@type\":\"ReadAction\",\"target\":[\"https:\/\/www.odabrano.com\/centraldalmatia\/objasnjenje-explanation\/\"]}]},{\"@type\":\"ImageObject\",\"inLanguage\":\"en-US\",\"@id\":\"https:\/\/www.odabrano.com\/centraldalmatia\/objasnjenje-explanation\/#primaryimage\",\"url\":\"https:\/\/www.odabrano.com\/centraldalmatia\/wp-content\/uploads\/2024\/09\/bulb-1.jpg\",\"contentUrl\":\"https:\/\/www.odabrano.com\/centraldalmatia\/wp-content\/uploads\/2024\/09\/bulb-1.jpg\",\"width\":656,\"height\":195},{\"@type\":\"BreadcrumbList\",\"@id\":\"https:\/\/www.odabrano.com\/centraldalmatia\/objasnjenje-explanation\/#breadcrumb\",\"itemListElement\":[{\"@type\":\"ListItem\",\"position\":1,\"name\":\"Home\",\"item\":\"https:\/\/www.odabrano.com\/centraldalmatia\/\"},{\"@type\":\"ListItem\",\"position\":2,\"name\":\"Obja\u0161njenje &#8211; explanation\"}]},{\"@type\":\"WebSite\",\"@id\":\"https:\/\/www.odabrano.com\/centraldalmatia\/#website\",\"url\":\"https:\/\/www.odabrano.com\/centraldalmatia\/\",\"name\":\"Central Dalmatia Accommodations\",\"description\":\"Sredi\u0161nja Dalmacija - apartments, villas - smje\u0161taj, apartmani, vile\",\"publisher\":{\"@id\":\"https:\/\/www.odabrano.com\/centraldalmatia\/#\/schema\/person\/d106f66122b185491fa796c3f5a71224\"},\"potentialAction\":[{\"@type\":\"SearchAction\",\"target\":{\"@type\":\"EntryPoint\",\"urlTemplate\":\"https:\/\/www.odabrano.com\/centraldalmatia\/?s={search_term_string}\"},\"query-input\":{\"@type\":\"PropertyValueSpecification\",\"valueRequired\":true,\"valueName\":\"search_term_string\"}}],\"inLanguage\":\"en-US\"},{\"@type\":[\"Person\",\"Organization\"],\"@id\":\"https:\/\/www.odabrano.com\/centraldalmatia\/#\/schema\/person\/d106f66122b185491fa796c3f5a71224\",\"name\":\"sn140160\",\"image\":{\"@type\":\"ImageObject\",\"inLanguage\":\"en-US\",\"@id\":\"https:\/\/www.odabrano.com\/centraldalmatia\/#\/schema\/person\/image\/\",\"url\":\"https:\/\/www.odabrano.com\/centraldalmatia\/wp-content\/uploads\/2024\/09\/mali.webp\",\"contentUrl\":\"https:\/\/www.odabrano.com\/centraldalmatia\/wp-content\/uploads\/2024\/09\/mali.webp\",\"width\":500,\"height\":600,\"caption\":\"sn140160\"},\"logo\":{\"@id\":\"https:\/\/www.odabrano.com\/centraldalmatia\/#\/schema\/person\/image\/\"},\"sameAs\":[\"http:\/\/www.odabrano.com\/centraldalmatia\"]}]}<\/script>\n<!-- \/ Yoast SEO plugin. -->","yoast_head_json":{"title":"Obja\u0161njenje - explanation - Central Dalmatia Accommodations","description":"\u017delite li da vas gosti prona\u0111u izravno, bez agencijske provizije? Pro\u010ditajte do kraja i javite mi se ako ste zainteresirani za moje rje\u0161enje.","robots":{"index":"index","follow":"follow","max-snippet":"max-snippet:-1","max-image-preview":"max-image-preview:large","max-video-preview":"max-video-preview:-1"},"canonical":"https:\/\/www.odabrano.com\/centraldalmatia\/objasnjenje-explanation\/","og_locale":"en_US","og_type":"article","og_title":"Obja\u0161njenje - explanation - Central Dalmatia Accommodations","og_description":"\u017delite li da vas gosti prona\u0111u izravno, bez agencijske provizije? Pro\u010ditajte do kraja i javite mi se ako ste zainteresirani za moje rje\u0161enje.","og_url":"https:\/\/www.odabrano.com\/centraldalmatia\/objasnjenje-explanation\/","og_site_name":"Central Dalmatia Accommodations","article_modified_time":"2024-10-12T03:39:20+00:00","og_image":[{"width":656,"height":195,"url":"http:\/\/www.odabrano.com\/centraldalmatia\/wp-content\/uploads\/2024\/09\/bulb-1.jpg","type":"image\/jpeg"}],"twitter_card":"summary_large_image","twitter_misc":{"Est. reading time":"5 minutes"},"schema":{"@context":"https:\/\/schema.org","@graph":[{"@type":"WebPage","@id":"https:\/\/www.odabrano.com\/centraldalmatia\/objasnjenje-explanation\/","url":"https:\/\/www.odabrano.com\/centraldalmatia\/objasnjenje-explanation\/","name":"Obja\u0161njenje - explanation - Central Dalmatia Accommodations","isPartOf":{"@id":"https:\/\/www.odabrano.com\/centraldalmatia\/#website"},"primaryImageOfPage":{"@id":"https:\/\/www.odabrano.com\/centraldalmatia\/objasnjenje-explanation\/#primaryimage"},"image":{"@id":"https:\/\/www.odabrano.com\/centraldalmatia\/objasnjenje-explanation\/#primaryimage"},"thumbnailUrl":"https:\/\/www.odabrano.com\/centraldalmatia\/wp-content\/uploads\/2024\/09\/bulb-1.jpg","datePublished":"2024-09-09T13:36:56+00:00","dateModified":"2024-10-12T03:39:20+00:00","description":"\u017delite li da vas gosti prona\u0111u izravno, bez agencijske provizije? Pro\u010ditajte do kraja i javite mi se ako ste zainteresirani za moje rje\u0161enje.","breadcrumb":{"@id":"https:\/\/www.odabrano.com\/centraldalmatia\/objasnjenje-explanation\/#breadcrumb"},"inLanguage":"en-US","potentialAction":[{"@type":"ReadAction","target":["https:\/\/www.odabrano.com\/centraldalmatia\/objasnjenje-explanation\/"]}]},{"@type":"ImageObject","inLanguage":"en-US","@id":"https:\/\/www.odabrano.com\/centraldalmatia\/objasnjenje-explanation\/#primaryimage","url":"https:\/\/www.odabrano.com\/centraldalmatia\/wp-content\/uploads\/2024\/09\/bulb-1.jpg","contentUrl":"https:\/\/www.odabrano.com\/centraldalmatia\/wp-content\/uploads\/2024\/09\/bulb-1.jpg","width":656,"height":195},{"@type":"BreadcrumbList","@id":"https:\/\/www.odabrano.com\/centraldalmatia\/objasnjenje-explanation\/#breadcrumb","itemListElement":[{"@type":"ListItem","position":1,"name":"Home","item":"https:\/\/www.odabrano.com\/centraldalmatia\/"},{"@type":"ListItem","position":2,"name":"Obja\u0161njenje &#8211; explanation"}]},{"@type":"WebSite","@id":"https:\/\/www.odabrano.com\/centraldalmatia\/#website","url":"https:\/\/www.odabrano.com\/centraldalmatia\/","name":"Central Dalmatia Accommodations","description":"Sredi\u0161nja Dalmacija - apartments, villas - smje\u0161taj, apartmani, vile","publisher":{"@id":"https:\/\/www.odabrano.com\/centraldalmatia\/#\/schema\/person\/d106f66122b185491fa796c3f5a71224"},"potentialAction":[{"@type":"SearchAction","target":{"@type":"EntryPoint","urlTemplate":"https:\/\/www.odabrano.com\/centraldalmatia\/?s={search_term_string}"},"query-input":{"@type":"PropertyValueSpecification","valueRequired":true,"valueName":"search_term_string"}}],"inLanguage":"en-US"},{"@type":["Person","Organization"],"@id":"https:\/\/www.odabrano.com\/centraldalmatia\/#\/schema\/person\/d106f66122b185491fa796c3f5a71224","name":"sn140160","image":{"@type":"ImageObject","inLanguage":"en-US","@id":"https:\/\/www.odabrano.com\/centraldalmatia\/#\/schema\/person\/image\/","url":"https:\/\/www.odabrano.com\/centraldalmatia\/wp-content\/uploads\/2024\/09\/mali.webp","contentUrl":"https:\/\/www.odabrano.com\/centraldalmatia\/wp-content\/uploads\/2024\/09\/mali.webp","width":500,"height":600,"caption":"sn140160"},"logo":{"@id":"https:\/\/www.odabrano.com\/centraldalmatia\/#\/schema\/person\/image\/"},"sameAs":["http:\/\/www.odabrano.com\/centraldalmatia"]}]}},"_links":{"self":[{"href":"https:\/\/www.odabrano.com\/centraldalmatia\/wp-json\/wp\/v2\/pages\/62","targetHints":{"allow":["GET"]}}],"collection":[{"href":"https:\/\/www.odabrano.com\/centraldalmatia\/wp-json\/wp\/v2\/pages"}],"about":[{"href":"https:\/\/www.odabrano.com\/centraldalmatia\/wp-json\/wp\/v2\/types\/page"}],"author":[{"embeddable":true,"href":"https:\/\/www.odabrano.com\/centraldalmatia\/wp-json\/wp\/v2\/users\/1"}],"replies":[{"embeddable":true,"href":"https:\/\/www.odabrano.com\/centraldalmatia\/wp-json\/wp\/v2\/comments?post=62"}],"version-history":[{"count":129,"href":"https:\/\/www.odabrano.com\/centraldalmatia\/wp-json\/wp\/v2\/pages\/62\/revisions"}],"predecessor-version":[{"id":756,"href":"https:\/\/www.odabrano.com\/centraldalmatia\/wp-json\/wp\/v2\/pages\/62\/revisions\/756"}],"wp:featuredmedia":[{"embeddable":true,"href":"https:\/\/www.odabrano.com\/centraldalmatia\/wp-json\/wp\/v2\/media\/501"}],"wp:attachment":[{"href":"https:\/\/www.odabrano.com\/centraldalmatia\/wp-json\/wp\/v2\/media?parent=62"}],"curies":[{"name":"wp","href":"https:\/\/api.w.org\/{rel}","templated":true}]}}